{"id":939,"date":"2020-03-10T11:17:48","date_gmt":"2020-03-10T10:17:48","guid":{"rendered":"https:\/\/www.robustech.sk\/?page_id=939"},"modified":"2022-02-18T13:19:31","modified_gmt":"2022-02-18T12:19:31","slug":"snimac-hladiny-oleja-ng2-2","status":"publish","type":"page","link":"https:\/\/www.robustech.sk\/hu\/snimac-hladiny-oleja-ng2-2\/","title":{"rendered":"Az NG2 olajszint-\u00e9rz\u00e9kel\u0151"},"content":{"rendered":"","protected":false},"excerpt":{"rendered":"","protected":false},"author":2,"featured_media":0,"parent":0,"menu_order":0,"comment_status":"closed","ping_status":"closed","template":"","meta":{"footnotes":""},"class_list":["post-939","page","type-page","status-publish","hentry"],"_links":{"self":[{"href":"https:\/\/www.robustech.sk\/hu\/wp-json\/wp\/v2\/pages\/939"}],"collection":[{"href":"https:\/\/www.robustech.sk\/hu\/wp-json\/wp\/v2\/pages"}],"about":[{"href":"https:\/\/www.robustech.sk\/hu\/wp-json\/wp\/v2\/types\/page"}],"author":[{"embeddable":true,"href":"https:\/\/www.robustech.sk\/hu\/wp-json\/wp\/v2\/users\/2"}],"replies":[{"embeddable":true,"href":"https:\/\/www.robustech.sk\/hu\/wp-json\/wp\/v2\/comments?post=939"}],"version-history":[{"count":4,"href":"https:\/\/www.robustech.sk\/hu\/wp-json\/wp\/v2\/pages\/939\/revisions"}],"predecessor-version":[{"id":1583,"href":"https:\/\/www.robustech.sk\/hu\/wp-json\/wp\/v2\/pages\/939\/revisions\/1583"}],"wp:attachment":[{"href":"https:\/\/www.robustech.sk\/hu\/wp-json\/wp\/v2\/media?parent=939"}],"curies":[{"name":"wp","href":"https:\/\/api.w.org\/{rel}","templated":true}]}}