{"id":317,"date":"2018-06-26T13:36:03","date_gmt":"2018-06-26T11:36:03","guid":{"rendered":"http:\/\/robustech.tomasbugan.sk\/meranie-rychlosti-a-komfortu\/"},"modified":"2024-03-14T14:09:17","modified_gmt":"2024-03-14T13:09:17","slug":"sebesseg-es-komfortmeres","status":"publish","type":"page","link":"https:\/\/www.robustech.sk\/hu\/sebesseg-es-komfortmeres\/","title":{"rendered":"Sebess\u00e9g- \u00e9s komfortm\u00e9r\u00e9s"},"content":{"rendered":"","protected":false},"excerpt":{"rendered":"","protected":false},"author":1,"featured_media":0,"parent":0,"menu_order":0,"comment_status":"closed","ping_status":"closed","template":"","meta":{"footnotes":""},"class_list":["post-317","page","type-page","status-publish","hentry"],"_links":{"self":[{"href":"https:\/\/www.robustech.sk\/hu\/wp-json\/wp\/v2\/pages\/317"}],"collection":[{"href":"https:\/\/www.robustech.sk\/hu\/wp-json\/wp\/v2\/pages"}],"about":[{"href":"https:\/\/www.robustech.sk\/hu\/wp-json\/wp\/v2\/types\/page"}],"author":[{"embeddable":true,"href":"https:\/\/www.robustech.sk\/hu\/wp-json\/wp\/v2\/users\/1"}],"replies":[{"embeddable":true,"href":"https:\/\/www.robustech.sk\/hu\/wp-json\/wp\/v2\/comments?post=317"}],"version-history":[{"count":1,"href":"https:\/\/www.robustech.sk\/hu\/wp-json\/wp\/v2\/pages\/317\/revisions"}],"predecessor-version":[{"id":709,"href":"https:\/\/www.robustech.sk\/hu\/wp-json\/wp\/v2\/pages\/317\/revisions\/709"}],"wp:attachment":[{"href":"https:\/\/www.robustech.sk\/hu\/wp-json\/wp\/v2\/media?parent=317"}],"curies":[{"name":"wp","href":"https:\/\/api.w.org\/{rel}","templated":true}]}}