{"id":305,"date":"2018-06-26T13:35:35","date_gmt":"2018-06-26T11:35:35","guid":{"rendered":"http:\/\/robustech.tomasbugan.sk\/laserovy-2d-profilometer\/"},"modified":"2024-03-14T14:33:57","modified_gmt":"2024-03-14T13:33:57","slug":"lezeres-2d-profilmeres","status":"publish","type":"page","link":"https:\/\/www.robustech.sk\/hu\/lezeres-2d-profilmeres\/","title":{"rendered":"L\u00e9zeres 2D profilm\u00e9r\u00e9s"},"content":{"rendered":"","protected":false},"excerpt":{"rendered":"","protected":false},"author":1,"featured_media":0,"parent":0,"menu_order":0,"comment_status":"closed","ping_status":"closed","template":"","meta":{"footnotes":""},"class_list":["post-305","page","type-page","status-publish","hentry"],"_links":{"self":[{"href":"https:\/\/www.robustech.sk\/hu\/wp-json\/wp\/v2\/pages\/305"}],"collection":[{"href":"https:\/\/www.robustech.sk\/hu\/wp-json\/wp\/v2\/pages"}],"about":[{"href":"https:\/\/www.robustech.sk\/hu\/wp-json\/wp\/v2\/types\/page"}],"author":[{"embeddable":true,"href":"https:\/\/www.robustech.sk\/hu\/wp-json\/wp\/v2\/users\/1"}],"replies":[{"embeddable":true,"href":"https:\/\/www.robustech.sk\/hu\/wp-json\/wp\/v2\/comments?post=305"}],"version-history":[{"count":1,"href":"https:\/\/www.robustech.sk\/hu\/wp-json\/wp\/v2\/pages\/305\/revisions"}],"predecessor-version":[{"id":723,"href":"https:\/\/www.robustech.sk\/hu\/wp-json\/wp\/v2\/pages\/305\/revisions\/723"}],"wp:attachment":[{"href":"https:\/\/www.robustech.sk\/hu\/wp-json\/wp\/v2\/media?parent=305"}],"curies":[{"name":"wp","href":"https:\/\/api.w.org\/{rel}","templated":true}]}}