{"id":877,"date":"2019-07-08T15:36:49","date_gmt":"2019-07-08T13:36:49","guid":{"rendered":"https:\/\/www.robustech.sk\/?page_id=877"},"modified":"2019-07-08T15:36:49","modified_gmt":"2019-07-08T13:36:49","slug":"sanxo-scope","status":"publish","type":"page","link":"https:\/\/www.robustech.sk\/de\/sanxo-scope\/","title":{"rendered":"SANXO-Scope"},"content":{"rendered":"<p><strong>SANXO-Scope <\/strong>HD-Baugruppe f\u00fcr schnelle Vergr\u00f6\u00dferung und Live-Videoinspektion<\/p>\n<p style=\"text-align: justify;\">SANXO-Scope HD ist eine komplette Baugruppe f\u00fcr die schnelle Vergr\u00f6\u00dferung und Live-Videoinspektion. Es wurde als robuste und kosteng\u00fcnstige Kontrollstation f\u00fcr die Elektronikbereich entwickelt. Dank des ergonomischen Designs wurde der Raum \u00fcber dem Arbeitstisch f\u00fcr die Manipulation ge\u00f6ffnet. Einstellbarkeit, Anpassungsf\u00e4higkeit und Erweiterungsm\u00f6glichkeit sind weitere Merkmale des Ger\u00e4ts.<\/p>\n<p><strong>Beschreibung<\/strong><\/p>\n<p style=\"text-align: justify;\">Der Stand verf\u00fcgt \u00fcber einstellbare Kamera- und Monitorhalter f\u00fcr bessere Einstellbarkeit des Abstandes und f\u00fcr Ergonomie. Die Auswahl des Objektivs wirkt sich auf die Parameter wie Brennweite und Ger\u00e4tebereich aus und definiert den Blickwinkel, die Vergr\u00f6\u00dferung und die Sch\u00e4rfentiefe. Die integrierte Applikation bietet grundlegende Funktionen wie Zoomen, Suchen, Verbesserung der Bildqualit\u00e4t, Bild- und Videoaufzeichnung.<\/p>\n<p>Die wichtigsten Vorteile:<\/p>\n<p>\u00b7\u00a0\u00a0\u00a0\u00a0\u00a0\u00a0\u00a0\u00a0 Scharfe Bilddarstellung auf Full HD LCD<\/p>\n<p>\u00b7\u00a0\u00a0\u00a0\u00a0\u00a0\u00a0\u00a0\u00a0 Bildarchivierung (1-18 Mpix)<\/p>\n<p>\u00b7\u00a0\u00a0\u00a0\u00a0\u00a0\u00a0\u00a0\u00a0 &#8222;One-click&#8220;-Kalibrierung<\/p>\n<p>\u00b7\u00a0\u00a0\u00a0\u00a0\u00a0\u00a0\u00a0\u00a0 Genaues Messen<\/p>\n<p>\u00b7\u00a0\u00a0\u00a0\u00a0\u00a0\u00a0\u00a0\u00a0 Videoaufnahme<\/p>\n<p>\u00b7\u00a0\u00a0\u00a0\u00a0\u00a0\u00a0\u00a0\u00a0 Autofokus<\/p>\n<p>\u00b7\u00a0\u00a0\u00a0\u00a0\u00a0\u00a0\u00a0\u00a0 Gro\u00dfe Sch\u00e4rfentiefe<\/p>\n<p>\u00b7\u00a0\u00a0\u00a0\u00a0\u00a0\u00a0\u00a0\u00a0 HDR-Technologie<\/p>\n<p>\u00b7\u00a0\u00a0\u00a0\u00a0\u00a0\u00a0\u00a0\u00a0 3D-Darstellung<\/p>\n","protected":false},"excerpt":{"rendered":"<p>SANXO-Scope HD-Baugruppe f\u00fcr schnelle Vergr\u00f6\u00dferung und Live-Videoinspektion SANXO-Scope HD ist eine komplette Baugruppe f\u00fcr die schnelle Vergr\u00f6\u00dferung und Live-Videoinspektion. Es wurde als robuste und kosteng\u00fcnstige Kontrollstation<span class=\"excerpt-hellip\"> [\u2026]<\/span><\/p>\n","protected":false},"author":2,"featured_media":0,"parent":0,"menu_order":0,"comment_status":"closed","ping_status":"closed","template":"","meta":{"footnotes":""},"class_list":["post-877","page","type-page","status-publish","hentry"],"_links":{"self":[{"href":"https:\/\/www.robustech.sk\/de\/wp-json\/wp\/v2\/pages\/877"}],"collection":[{"href":"https:\/\/www.robustech.sk\/de\/wp-json\/wp\/v2\/pages"}],"about":[{"href":"https:\/\/www.robustech.sk\/de\/wp-json\/wp\/v2\/types\/page"}],"author":[{"embeddable":true,"href":"https:\/\/www.robustech.sk\/de\/wp-json\/wp\/v2\/users\/2"}],"replies":[{"embeddable":true,"href":"https:\/\/www.robustech.sk\/de\/wp-json\/wp\/v2\/comments?post=877"}],"version-history":[{"count":1,"href":"https:\/\/www.robustech.sk\/de\/wp-json\/wp\/v2\/pages\/877\/revisions"}],"predecessor-version":[{"id":878,"href":"https:\/\/www.robustech.sk\/de\/wp-json\/wp\/v2\/pages\/877\/revisions\/878"}],"wp:attachment":[{"href":"https:\/\/www.robustech.sk\/de\/wp-json\/wp\/v2\/media?parent=877"}],"curies":[{"name":"wp","href":"https:\/\/api.w.org\/{rel}","templated":true}]}}